{"id":1611,"date":"2023-11-09T11:43:42","date_gmt":"2023-11-09T10:43:42","guid":{"rendered":"https:\/\/eukaryaxocolata.cat\/?post_type=product&#038;p=1611"},"modified":"2025-12-22T17:01:00","modified_gmt":"2025-12-22T16:01:00","slug":"turron-de-chocolate-negro","status":"publish","type":"product","link":"https:\/\/eukaryaxocolata.cat\/es\/turron-de-chocolate-negro\/","title":{"rendered":"Turr\u00f3n de chocolate negro"},"content":{"rendered":"<div class=\"fusion-fullwidth fullwidth-box fusion-builder-row-1 fusion-flex-container has-pattern-background has-mask-background nonhundred-percent-fullwidth non-hundred-percent-height-scrolling\" style=\"--awb-border-radius-top-left:0px;--awb-border-radius-top-right:0px;--awb-border-radius-bottom-right:0px;--awb-border-radius-bottom-left:0px;--awb-padding-right:0px;--awb-padding-left:0px;--awb-flex-wrap:wrap;\" ><div class=\"fusion-builder-row fusion-row fusion-flex-align-items-flex-start fusion-flex-content-wrap\" style=\"max-width:1260px;margin-left: calc(-5% \/ 2 );margin-right: calc(-5% \/ 2 );\"><div class=\"fusion-layout-column fusion_builder_column fusion-builder-column-0 fusion_builder_column_1_1 1_1 fusion-flex-column\" style=\"--awb-bg-size:cover;--awb-width-large:100%;--awb-margin-top-large:0px;--awb-spacing-right-large:2.375%;--awb-margin-bottom-large:20px;--awb-spacing-left-large:2.375%;--awb-width-medium:100%;--awb-order-medium:0;--awb-spacing-right-medium:2.375%;--awb-spacing-left-medium:2.375%;--awb-width-small:100%;--awb-order-small:0;--awb-spacing-right-small:2.375%;--awb-spacing-left-small:2.375%;\" data-scroll-devices=\"small-visibility,medium-visibility,large-visibility\"><div class=\"fusion-column-wrapper fusion-column-has-shadow fusion-flex-justify-content-flex-start fusion-content-layout-column\"><div class=\"fusion-separator fusion-full-width-sep\" style=\"align-self: center;margin-left: auto;margin-right: auto;width:100%;max-width:100%;\"><div class=\"fusion-separator-border sep-single sep-solid\" style=\"--awb-height:20px;--awb-amount:20px;--awb-sep-color:var(--awb-color8);border-color:var(--awb-color8);border-top-width:1px;\"><\/div><\/div><div class=\"fusion-text fusion-text-1 fusion-text-no-margin\" style=\"--awb-margin-top:10px;--awb-margin-bottom:10px;--awb-text-font-family:&quot;GT-Pressura-Mono-Regular&quot;;\"><p>PESO NETO 200 G<\/p>\n<\/div><div class=\"fusion-separator fusion-full-width-sep\" style=\"align-self: center;margin-left: auto;margin-right: auto;margin-bottom:5px;width:100%;max-width:100%;\"><div class=\"fusion-separator-border sep-single sep-solid\" style=\"--awb-height:20px;--awb-amount:20px;--awb-sep-color:var(--awb-color8);border-color:var(--awb-color8);border-top-width:1px;\"><\/div><\/div><div class=\"accordian fusion-accordian\" style=\"--awb-border-size:1px;--awb-icon-size:20px;--awb-content-font-size:16px;--awb-content-line-height:1.2;--awb-icon-alignment:right;--awb-hover-color:var(--awb-color2);--awb-border-color:var(--awb-color3);--awb-background-color:var(--awb-color1);--awb-divider-color:var(--awb-color3);--awb-divider-hover-color:var(--awb-color3);--awb-icon-color:var(--awb-color8);--awb-title-color:var(--awb-color8);--awb-content-color:var(--awb-color8);--awb-icon-box-color:var(--awb-color8);--awb-toggle-hover-accent-color:var(--awb-color5);--awb-title-font-family:&quot;GT-Pressura-Mono-Regular&quot;;--awb-title-font-weight:400;--awb-title-font-style:normal;--awb-title-font-size:18px;--awb-content-font-family:&quot;PPFragment-SansLight&quot;;--awb-content-font-style:normal;--awb-content-font-weight:400;\"><div class=\"panel-group fusion-toggle-icon-right fusion-toggle-icon-unboxed\" id=\"accordion-1611-1\"><div class=\"fusion-panel panel-default panel-2cf2a1a59fcde2ac7 fusion-toggle-no-divider\" style=\"--awb-title-color:var(--awb-color8);--awb-content-color:var(--awb-color8);\"><div class=\"panel-heading\"><div class=\"panel-title toggle\" id=\"toggle_2cf2a1a59fcde2ac7\"><a aria-expanded=\"false\" aria-controls=\"2cf2a1a59fcde2ac7\" role=\"button\" data-toggle=\"collapse\" data-parent=\"#accordion-1611-1\" data-target=\"#2cf2a1a59fcde2ac7\" href=\"#2cf2a1a59fcde2ac7\"><span class=\"fusion-toggle-icon-wrapper\" aria-hidden=\"true\"><i class=\"fa-fusion-box active-icon awb-icon-minus\" aria-hidden=\"true\"><\/i><i class=\"fa-fusion-box inactive-icon awb-icon-plus\" aria-hidden=\"true\"><\/i><\/span><span class=\"fusion-toggle-heading\">M\u00c1S INFORMACI\u00d3N<\/span><\/a><\/div><\/div><div id=\"2cf2a1a59fcde2ac7\" class=\"panel-collapse collapse \" aria-labelledby=\"toggle_2cf2a1a59fcde2ac7\"><div class=\"panel-body toggle-content fusion-clearfix\">\n<p><u>INGREDIENTES:<\/u> cobertura de chocolate negro (61 %) [pasta de cacao, az\u00facar, manteca de cacao, emulgente (lecitina de <strong>SOJA<\/strong>) y aroma de vainilla], nata pasteurizada [nata (<strong>LECHE<\/strong>) y estabilizante (E407)], aceites y grasas vegetales (palma, <strong>SOJA<\/strong> y girasol en proporci\u00f3n variable), jarabe de glucosa invertido cristalizado, edulcorante (E420), dextrosa, sal y vainilla natural.<\/p>\n<p>Puede contener trazas de <strong>GLUTEN Y FRUTOS DE C\u00c1SCARA.<\/strong><\/p>\n<p><u>INFORMACI\u00d3N NUTRICIONAL<\/u> (por cada 100 g de producto): valor energ\u00e9tico: 2108 kJ \/ 508 kcal; grasas: 40 g de las cuales saturadas: 4 g; hidratos de carbono: 32 g de los cuales az\u00facares: 12 g; prote\u00ednas: 4,5 g; sal: 0,19 g.<\/p>\n<\/div><\/div><\/div><\/div><\/div><div class=\"fusion-separator fusion-full-width-sep\" style=\"align-self: center;margin-left: auto;margin-right: auto;margin-top:5px;width:100%;max-width:100%;\"><div class=\"fusion-separator-border sep-single sep-solid\" style=\"--awb-height:20px;--awb-amount:20px;--awb-sep-color:var(--awb-color8);border-color:var(--awb-color8);border-top-width:1px;\"><\/div><\/div><\/div><\/div><\/div><\/div>\n","protected":false},"excerpt":{"rendered":"<p style=\"text-align: center;\">Si te gusta el chocolate negro, este es tu compa\u00f1ero tanto de mesa como de fiesta. Re\u00fane la cantidad exacta de cacao para saborear el equilibrio entre una suave amargura y una delicada dulzura. La elegancia en estado puro.<\/p>\n<p>&nbsp;<\/p>\n","protected":false},"featured_media":933,"template":"","meta":[],"product_brand":[],"product_cat":[240,79],"product_tag":[],"giftcard-category":[],"class_list":{"0":"post-1611","1":"product","2":"type-product","3":"status-publish","4":"has-post-thumbnail","6":"product_cat-navidad","7":"product_cat-turrones","9":"first","10":"outofstock","11":"shipping-taxable","12":"purchasable","13":"product-type-simple"},"exclude_global_add_ons":false,"addons":[{"name":"\u00bfQuieres que te lo envolvamos para regalo?","type":"checkbox","position":0,"required":false,"title_format":"label","default":"","description_enable":false,"description":"","placeholder_enable":false,"placeholder":"","display":"select","restrictions_type":"any_text","adjust_price":false,"price":"","price_type":"flat_fee","restrictions":false,"min":"0","max":"0","options":[{"label":"A\u00f1ade la opci\u00f3n por","price":"1.5","price_type":"flat_fee","image":0,"visibility":true}],"id":1741870259}],"yoast_head":"<!-- This site is optimized with the Yoast SEO plugin v27.2 - https:\/\/yoast.com\/product\/yoast-seo-wordpress\/ -->\n<title>Turr\u00f3n artesano de chocolate negro de Lluc Crusellas | Eukarya<\/title>\n<meta name=\"description\" content=\"El turr\u00f3n de chocolate negro re\u00fane la cantidad exacta de cacao para saborear una suave amargura y delicada dulzura. La elegancia en estado puro.\" \/>\n<meta name=\"robots\" content=\"index, follow, max-snippet:-1, max-image-preview:large, max-video-preview:-1\" \/>\n<link rel=\"canonical\" href=\"https:\/\/eukaryaxocolata.cat\/es\/turron-de-chocolate-negro\/\" \/>\n<meta property=\"og:locale\" content=\"es_ES\" \/>\n<meta property=\"og:type\" content=\"article\" \/>\n<meta property=\"og:title\" content=\"Turr\u00f3n artesano de chocolate negro de Lluc Crusellas | Eukarya\" \/>\n<meta property=\"og:description\" content=\"El turr\u00f3n de chocolate negro re\u00fane la cantidad exacta de cacao para saborear una suave amargura y delicada dulzura. La elegancia en estado puro.\" \/>\n<meta property=\"og:url\" content=\"https:\/\/eukaryaxocolata.cat\/es\/turron-de-chocolate-negro\/\" \/>\n<meta property=\"og:site_name\" content=\"Eukarya Xocolata\" \/>\n<meta property=\"article:modified_time\" content=\"2025-12-22T16:01:00+00:00\" \/>\n<meta property=\"og:image\" content=\"https:\/\/eukaryaxocolata.cat\/wp-content\/uploads\/2023\/11\/Eukarya_-torro-2-04.jpg\" \/>\n\t<meta property=\"og:image:width\" content=\"1080\" \/>\n\t<meta property=\"og:image:height\" content=\"1080\" \/>\n\t<meta property=\"og:image:type\" content=\"image\/jpeg\" \/>\n<meta name=\"twitter:card\" content=\"summary_large_image\" \/>\n<meta name=\"twitter:label1\" content=\"Tiempo de lectura\" \/>\n\t<meta name=\"twitter:data1\" content=\"1 minuto\" \/>\n<!-- \/ Yoast SEO plugin. -->","yoast_head_json":{"title":"Turr\u00f3n artesano de chocolate negro de Lluc Crusellas | Eukarya","description":"El turr\u00f3n de chocolate negro re\u00fane la cantidad exacta de cacao para saborear una suave amargura y delicada dulzura. La elegancia en estado puro.","robots":{"index":"index","follow":"follow","max-snippet":"max-snippet:-1","max-image-preview":"max-image-preview:large","max-video-preview":"max-video-preview:-1"},"canonical":"https:\/\/eukaryaxocolata.cat\/es\/turron-de-chocolate-negro\/","og_locale":"es_ES","og_type":"article","og_title":"Turr\u00f3n artesano de chocolate negro de Lluc Crusellas | Eukarya","og_description":"El turr\u00f3n de chocolate negro re\u00fane la cantidad exacta de cacao para saborear una suave amargura y delicada dulzura. La elegancia en estado puro.","og_url":"https:\/\/eukaryaxocolata.cat\/es\/turron-de-chocolate-negro\/","og_site_name":"Eukarya Xocolata","article_modified_time":"2025-12-22T16:01:00+00:00","og_image":[{"width":1080,"height":1080,"url":"https:\/\/eukaryaxocolata.cat\/wp-content\/uploads\/2023\/11\/Eukarya_-torro-2-04.jpg","type":"image\/jpeg"}],"twitter_card":"summary_large_image","twitter_misc":{"Tiempo de lectura":"1 minuto"},"schema":{"@context":"https:\/\/schema.org","@graph":[{"@type":"WebPage","@id":"https:\/\/eukaryaxocolata.cat\/es\/turron-de-chocolate-negro\/","url":"https:\/\/eukaryaxocolata.cat\/es\/turron-de-chocolate-negro\/","name":"Turr\u00f3n artesano de chocolate negro de Lluc Crusellas | Eukarya","isPartOf":{"@id":"https:\/\/eukaryaxocolata.cat\/es\/#website"},"primaryImageOfPage":{"@id":"https:\/\/eukaryaxocolata.cat\/es\/turron-de-chocolate-negro\/#primaryimage"},"image":{"@id":"https:\/\/eukaryaxocolata.cat\/es\/turron-de-chocolate-negro\/#primaryimage"},"thumbnailUrl":"https:\/\/eukaryaxocolata.cat\/wp-content\/uploads\/2023\/11\/Eukarya_-torro-2-04.jpg","datePublished":"2023-11-09T10:43:42+00:00","dateModified":"2025-12-22T16:01:00+00:00","description":"El turr\u00f3n de chocolate negro re\u00fane la cantidad exacta de cacao para saborear una suave amargura y delicada dulzura. La elegancia en estado puro.","breadcrumb":{"@id":"https:\/\/eukaryaxocolata.cat\/es\/turron-de-chocolate-negro\/#breadcrumb"},"inLanguage":"es","potentialAction":[{"@type":"ReadAction","target":["https:\/\/eukaryaxocolata.cat\/es\/turron-de-chocolate-negro\/"]}]},{"@type":"ImageObject","inLanguage":"es","@id":"https:\/\/eukaryaxocolata.cat\/es\/turron-de-chocolate-negro\/#primaryimage","url":"https:\/\/eukaryaxocolata.cat\/wp-content\/uploads\/2023\/11\/Eukarya_-torro-2-04.jpg","contentUrl":"https:\/\/eukaryaxocolata.cat\/wp-content\/uploads\/2023\/11\/Eukarya_-torro-2-04.jpg","width":1080,"height":1080,"caption":"Torr\u00f3 de xocolata negra elaborat per Lluc Crusellas, el millor xocolater del m\u00f3n"},{"@type":"BreadcrumbList","@id":"https:\/\/eukaryaxocolata.cat\/es\/turron-de-chocolate-negro\/#breadcrumb","itemListElement":[{"@type":"ListItem","position":1,"name":"EUKARYA","item":"https:\/\/eukaryaxocolata.cat\/es\/"},{"@type":"ListItem","position":2,"name":"Tienda","item":"https:\/\/eukaryaxocolata.cat\/es\/tienda\/"},{"@type":"ListItem","position":3,"name":"NAVIDAD","item":"https:\/\/eukaryaxocolata.cat\/es\/navidad\/"},{"@type":"ListItem","position":4,"name":"Turr\u00f3n de chocolate negro"}]},{"@type":"WebSite","@id":"https:\/\/eukaryaxocolata.cat\/es\/#website","url":"https:\/\/eukaryaxocolata.cat\/es\/","name":"Eukarya","description":"Eukarya Lluc Crusellas","publisher":{"@id":"https:\/\/eukaryaxocolata.cat\/es\/#organization"},"alternateName":"Eukarya","potentialAction":[{"@type":"SearchAction","target":{"@type":"EntryPoint","urlTemplate":"https:\/\/eukaryaxocolata.cat\/es\/?s={search_term_string}"},"query-input":{"@type":"PropertyValueSpecification","valueRequired":true,"valueName":"search_term_string"}}],"inLanguage":"es"},{"@type":"Organization","@id":"https:\/\/eukaryaxocolata.cat\/es\/#organization","name":"Eukarya","alternateName":"Eukarya Lluc Crusellas","url":"https:\/\/eukaryaxocolata.cat\/es\/","logo":{"@type":"ImageObject","inLanguage":"es","@id":"https:\/\/eukaryaxocolata.cat\/es\/#\/schema\/logo\/image\/","url":"https:\/\/eukaryaxocolata.cat\/wp-content\/uploads\/2023\/11\/cropped-android-chrome-96x96-1.png","contentUrl":"https:\/\/eukaryaxocolata.cat\/wp-content\/uploads\/2023\/11\/cropped-android-chrome-96x96-1.png","width":512,"height":512,"caption":"Eukarya"},"image":{"@id":"https:\/\/eukaryaxocolata.cat\/es\/#\/schema\/logo\/image\/"},"sameAs":["https:\/\/www.instagram.com\/eukarya_xocolata\/"]}]}},"_links":{"self":[{"href":"https:\/\/eukaryaxocolata.cat\/es\/wp-json\/wp\/v2\/product\/1611","targetHints":{"allow":["GET"]}}],"collection":[{"href":"https:\/\/eukaryaxocolata.cat\/es\/wp-json\/wp\/v2\/product"}],"about":[{"href":"https:\/\/eukaryaxocolata.cat\/es\/wp-json\/wp\/v2\/types\/product"}],"wp:featuredmedia":[{"embeddable":true,"href":"https:\/\/eukaryaxocolata.cat\/es\/wp-json\/wp\/v2\/media\/933"}],"wp:attachment":[{"href":"https:\/\/eukaryaxocolata.cat\/es\/wp-json\/wp\/v2\/media?parent=1611"}],"wp:term":[{"taxonomy":"product_brand","embeddable":true,"href":"https:\/\/eukaryaxocolata.cat\/es\/wp-json\/wp\/v2\/product_brand?post=1611"},{"taxonomy":"product_cat","embeddable":true,"href":"https:\/\/eukaryaxocolata.cat\/es\/wp-json\/wp\/v2\/product_cat?post=1611"},{"taxonomy":"product_tag","embeddable":true,"href":"https:\/\/eukaryaxocolata.cat\/es\/wp-json\/wp\/v2\/product_tag?post=1611"},{"taxonomy":"giftcard-category","embeddable":true,"href":"https:\/\/eukaryaxocolata.cat\/es\/wp-json\/wp\/v2\/giftcard-category?post=1611"}],"curies":[{"name":"wp","href":"https:\/\/api.w.org\/{rel}","templated":true}]}}